{"id":663,"date":"2018-07-25T13:42:41","date_gmt":"2018-07-25T11:42:41","guid":{"rendered":"https:\/\/mas-anlagenbau.com\/?page_id=663"},"modified":"2019-06-18T09:13:07","modified_gmt":"2019-06-18T07:13:07","slug":"unternehmen","status":"publish","type":"page","link":"https:\/\/mas-anlagenbau.com\/index.php\/unternehmen\/","title":{"rendered":"Unternehmen"},"content":{"rendered":"\t<section class=\"section\" id=\"section_1043319344\">\n\t\t<div class=\"bg section-bg fill bg-fill  bg-loaded\" >\n\n\t\t\t\n\t\t\t\n\t\t\t\n\n\t\t<\/div>\n\n\t\t\n\n\t\t<div class=\"section-content relative\">\n\t\t\t\n<div class=\"row row-large row-divided no_padding_bottom\"  id=\"row-511551169\">\n\n\t<div id=\"col-1290760997\" class=\"col null_abstand medium-5 small-12 large-5\"  data-animate=\"fadeInLeft\">\n\t\t\t\t<div class=\"col-inner\"  >\n\t\t\t\n\t\t\t\n\n  <div class=\"banner has-hover rahmen is-full-height\" id=\"banner-1100940192\">\n          <div class=\"banner-inner fill\">\n        <div class=\"banner-bg fill\" >\n            <div class=\"bg fill bg-fill \"><\/div>\n                                    \n                    <\/div>\n\t\t\n        <div class=\"banner-layers container\">\n            <div class=\"fill banner-link\"><\/div>            \n        <\/div>\n      <\/div>\n\n            \n<style>\n#banner-1100940192 {\n  padding-top: 450px;\n}\n#banner-1100940192 .bg.bg-loaded {\n  background-image: url(https:\/\/mas-anlagenbau.com\/wp-content\/uploads\/2019\/06\/drill-444493_1280-1024x683.jpg);\n}\n#banner-1100940192 .bg {\n  background-position: 74% 58%;\n}\n#banner-1100940192 .ux-shape-divider--top svg {\n  height: 150px;\n  --divider-top-width: 100%;\n}\n#banner-1100940192 .ux-shape-divider--bottom svg {\n  height: 150px;\n  --divider-width: 100%;\n}\n@media (min-width:550px) {\n  #banner-1100940192 {\n    padding-top: 100%;\n  }\n}\n<\/style>\n  <\/div>\n\n\n\t\t<\/div>\n\t\t\t\t\t<\/div>\n\n\t\n\n\t<div id=\"col-1909007289\" class=\"col null_abstand medium-7 small-12 large-7\"  >\n\t\t\t\t<div class=\"col-inner\"  >\n\t\t\t\n\t\t\t\n<h1>Unser Unternehmen<\/h1>\n<p class=\"lead\"><span style=\"font-family: 'Arial',sans-serif;\">Die Firma MAS ist ein Einzelunternehmen welches sich auf dem Gebiet des Metall-, Anlagenbaus sowie des Vorrichtungsbaus bewegt. <br \/><\/span><span style=\"font-family: 'Arial',sans-serif;\">Es ist das Konzept der Firma Erzeugnisse und Dienstleitungen je nach Kundenvorderung als Komplett- oder Modularleistung anzubieten.<\/span><\/p>\n\t<div id=\"gap-1924004497\" class=\"gap-element clearfix\" style=\"display:block; height:auto;\">\n\t\t\n<style>\n#gap-1924004497 {\n  padding-top: 30px;\n}\n<\/style>\n\t<\/div>\n\t\n<div class=\"row row-small no_padding_bottom\"  id=\"row-406012030\">\n\n\t<div id=\"col-1324213079\" class=\"col medium-6 small-12 large-6\"  >\n\t\t\t\t<div class=\"col-inner\"  >\n\t\t\t\n\t\t\t\n<p><span style=\"font-family: 'Arial',sans-serif;\">Die Bandbreite der Leistungen erstreckt sie dabei von der Konstruktion \u00fcber die Herstellung und Montage bis hin zur Inbetriebnahme. <\/span><\/p>\n<p><span style=\"font-family: 'Arial',sans-serif;\">Ziel des Konzeptes ist es, ein Partner des Kunden zu sein der an m\u00f6glichst jeder Stelle und zu jedem Bearbeitungsstand eines Projektes zum Einsatz kommen kann.<\/p>\n<p>Im Bereich des Vorrichtungs- und Anlagenbaus konzentriert sich das Unternehmen auf die Erstellung Anlagen zum Handhaben, F\u00f6rdern und Montieren von Werkst\u00fccken und Baugruppen.<\/span><\/p>\n\t\t<\/div>\n\t\t\t\t\t<\/div>\n\n\t\n\n\t<div id=\"col-1380576319\" class=\"col medium-6 small-12 large-6\"  >\n\t\t\t\t<div class=\"col-inner\"  >\n\t\t\t\n\t\t\t\n<p>Die Fertigungsverfahren Drehen, Fr\u00e4sen, Bohren, S\u00e4gen und Schwei\u00dfen (MAG\/MIG\/WIG) stehen dabei im Haus zur Verf\u00fcgung.<\/p>\n<p>Mit diesen Verfahren werden Stahl, Edelstahl, Aluminium und andere metallische Werkstoffe verarbeitet.<\/p>\n<p>F\u00fcr die Bearbeitung von Blechteilen im speziellen k\u00f6nnen Laserteile, Kantteile sowie Stanz\/Nippel-Teile in Stahl, Edelstahl und Aluminium angeboten werden.<\/p>\n<p>Zusammenfassend k\u00f6nnen Einzelteile und Kleinserien in Auftragsfertigung nach Zeichnung oder mit Konstruktionsunterst\u00fctzung vom Entwurf ausgehend bearbeitet und hergestellt werden.<\/p>\n<p><strong>\u00a0<\/strong><\/p>\n<p><strong>\u00a0<\/strong><\/p>\n\t\t<\/div>\n\t\t\t\t\t<\/div>\n\n\t\n\n\t<div id=\"col-1579523712\" class=\"col small-12 large-12\"  >\n\t\t\t\t<div class=\"col-inner\"  >\n\t\t\t\n\t\t\t\n\t<div id=\"gap-1265111152\" class=\"gap-element clearfix\" style=\"display:block; height:auto;\">\n\t\t\n<style>\n#gap-1265111152 {\n  padding-top: 10px;\n}\n<\/style>\n\t<\/div>\n\t\n<a href=\"https:\/\/mas-anlagenbau.com\/#leistungen\" target=\"_self\" class=\"button primary\"  >\n    <span>Zu unseren Leistungen<\/span>\n  <i class=\"icon-angle-right\" aria-hidden=\"true\" ><\/i><\/a>\n\n\t\t<\/div>\n\t\t\t\t\t<\/div>\n\n\t\n<\/div>\n\t\t<\/div>\n\t\t\t\t\t<\/div>\n\n\t\n<\/div>\n\t\t<\/div>\n\n\t\t\n<style>\n#section_1043319344 {\n  padding-top: 0px;\n  padding-bottom: 0px;\n}\n#section_1043319344 .ux-shape-divider--top svg {\n  height: 150px;\n  --divider-top-width: 100%;\n}\n#section_1043319344 .ux-shape-divider--bottom svg {\n  height: 150px;\n  --divider-width: 100%;\n}\n<\/style>\n\t<\/section>\n\t\n","protected":false},"excerpt":{"rendered":"","protected":false},"author":2,"featured_media":0,"parent":0,"menu_order":0,"comment_status":"closed","ping_status":"closed","template":"page-blank.php","meta":{"footnotes":""},"_links":{"self":[{"href":"https:\/\/mas-anlagenbau.com\/index.php\/wp-json\/wp\/v2\/pages\/663"}],"collection":[{"href":"https:\/\/mas-anlagenbau.com\/index.php\/wp-json\/wp\/v2\/pages"}],"about":[{"href":"https:\/\/mas-anlagenbau.com\/index.php\/wp-json\/wp\/v2\/types\/page"}],"author":[{"embeddable":true,"href":"https:\/\/mas-anlagenbau.com\/index.php\/wp-json\/wp\/v2\/users\/2"}],"replies":[{"embeddable":true,"href":"https:\/\/mas-anlagenbau.com\/index.php\/wp-json\/wp\/v2\/comments?post=663"}],"version-history":[{"count":96,"href":"https:\/\/mas-anlagenbau.com\/index.php\/wp-json\/wp\/v2\/pages\/663\/revisions"}],"predecessor-version":[{"id":2426,"href":"https:\/\/mas-anlagenbau.com\/index.php\/wp-json\/wp\/v2\/pages\/663\/revisions\/2426"}],"wp:attachment":[{"href":"https:\/\/mas-anlagenbau.com\/index.php\/wp-json\/wp\/v2\/media?parent=663"}],"curies":[{"name":"wp","href":"https:\/\/api.w.org\/{rel}","templated":true}]}}