{"id":2403,"date":"2019-03-12T15:11:37","date_gmt":"2019-03-12T14:11:37","guid":{"rendered":"https:\/\/mas-anlagenbau.com\/?page_id=2403"},"modified":"2019-03-13T14:00:17","modified_gmt":"2019-03-13T13:00:17","slug":"download","status":"publish","type":"page","link":"https:\/\/mas-anlagenbau.com\/index.php\/leistungen\/download\/","title":{"rendered":"Download"},"content":{"rendered":"<div class=\"row row-large row-divided no_padding_bottom\"  id=\"row-197791302\">\n\n\t<div id=\"col-1877891039\" class=\"col medium-5 small-12 large-5\"  >\n\t\t\t\t<div class=\"col-inner\"  >\n\t\t\t\n\t\t\t\n\n  <div class=\"banner has-hover\" id=\"banner-2046436922\">\n          <div class=\"banner-inner fill\">\n        <div class=\"banner-bg fill\" >\n            <div class=\"bg fill bg-fill \"><\/div>\n                                    \n                    <\/div>\n\t\t\n        <div class=\"banner-layers container\">\n            <div class=\"fill banner-link\"><\/div>            \n   <div id=\"text-box-1070713577\" class=\"text-box banner-layer text-box-circle x5 md-x5 lg-x5 y10 md-y95 lg-y95 res-text\">\n                     <div data-animate=\"flipInX\">           <div class=\"text-box-content text box-shadow-1 dark text-shadow-1\">\n              \n              <div class=\"text-inner text-center\">\n                  \n<h3>Profitieren Sie von unserer langj\u00e4hrigen Erfahrung.<\/h3>\n              <\/div>\n           <\/div>\n       <\/div>                     \n<style>\n#text-box-1070713577 .text-box-content {\n  background-color: rgba(24, 34, 95, 0.76);\n  font-size: 75%;\n}\n#text-box-1070713577 .text-inner {\n  padding: 20px 20px 20px 20px;\n}\n#text-box-1070713577 {\n  width: 45%;\n}\n@media (min-width:550px) {\n  #text-box-1070713577 {\n    width: 25%;\n  }\n  #text-box-1070713577 .text-box-content {\n    font-size: 79%;\n  }\n}\n@media (min-width:850px) {\n  #text-box-1070713577 {\n    width: 42%;\n  }\n  #text-box-1070713577 .text-box-content {\n    font-size: 100%;\n  }\n}\n<\/style>\n    <\/div>\n \n        <\/div>\n      <\/div>\n\n            \n<style>\n#banner-2046436922 {\n  padding-top: 56.25%;\n  background-color: rgba(255, 255, 255, 0);\n}\n#banner-2046436922 .bg.bg-loaded {\n  background-image: url(https:\/\/mas-anlagenbau.com\/wp-content\/uploads\/2018\/08\/business-3224643_1920-1024x589.jpg);\n}\n#banner-2046436922 .ux-shape-divider--top svg {\n  height: 150px;\n  --divider-top-width: 100%;\n}\n#banner-2046436922 .ux-shape-divider--bottom svg {\n  height: 150px;\n  --divider-width: 100%;\n}\n<\/style>\n  <\/div>\n\n\n\t\t<\/div>\n\t\t\t\t\t<\/div>\n\n\t\n\n\t<div id=\"col-1748705006\" class=\"col medium-7 small-11 large-7\"  >\n\t\t\t\t<div class=\"col-inner\"  >\n\t\t\t\n\t\t\t\n<h1>Downloadbereich<\/h1>\n<div class=\"accordion\">\n<div id=\"accordion-3277090646\" class=\"accordion-item\"><a id=\"accordion-3277090646-label\" href=\"#\" class=\"accordion-title plain active\" aria-expanded=\"true\" aria-controls=\"accordion-3277090646-content\"><button class=\"toggle\" aria-label=\"Toggle\"><i class=\"icon-angle-down\"><\/i><\/button><span>Dokumente f\u00fcr den Kundeneinkauf<\/span><\/a><div id=\"accordion-3277090646-content\" class=\"accordion-inner\" style=\"display: block;\" aria-labelledby=\"accordion-3277090646-label\">\n<a rel=\"noopener noreferrer\" href=\"https:\/\/mas-anlagenbau.com\/wp-content\/uploads\/2019\/03\/Allgemeine-Liefer-und-Zahlungsbedingungen-MAS.pdf\" target=\"_blank\" class=\"button primary is-underline expand\"  >\n    <span>AGB\u00b4S<\/span>\n  <\/a>\n\n<a rel=\"noopener noreferrer\" href=\"https:\/\/mas-anlagenbau.com\/wp-content\/uploads\/2019\/03\/MAS_Lieferantenselbstauskunft_2019_03_10.pdf\" target=\"_blank\" class=\"button primary is-underline expand\"  >\n    <span>MAS Selbstauskunft<\/span>\n  <\/a>\n\n<\/div><\/div>\n<div id=\"accordion-3411859639\" class=\"accordion-item\"><a id=\"accordion-3411859639-label\" href=\"#\" class=\"accordion-title plain\" aria-expanded=\"false\" aria-controls=\"accordion-3411859639-content\"><button class=\"toggle\" aria-label=\"Toggle\"><i class=\"icon-angle-down\"><\/i><\/button><span>Technische Dokumente<\/span><\/a><div id=\"accordion-3411859639-content\" class=\"accordion-inner\" aria-labelledby=\"accordion-3411859639-label\">\n<a class=\"button primary is-underline expand\"  >\n    <span>Betriebsanleitungen<\/span>\n  <\/a>\n\n<a class=\"button primary is-underline expand\"  >\n    <span>Kataloge<\/span>\n  <\/a>\n\n<a class=\"button primary is-underline expand\"  >\n    <span>Fertigungsverfahren<\/span>\n  <\/a>\n\n<a class=\"button primary is-underline expand\"  >\n    <span>M\u00f6gliche Bauteilgr\u00f6\u00dfen<\/span>\n  <\/a>\n\n<\/div><\/div>\n<\/div>\n\t\t<\/div>\n\t\t\t\t\t<\/div>\n\n\t\n<\/div>\n","protected":false},"excerpt":{"rendered":"","protected":false},"author":4,"featured_media":0,"parent":698,"menu_order":0,"comment_status":"closed","ping_status":"closed","template":"page-blank.php","meta":{"footnotes":""},"_links":{"self":[{"href":"https:\/\/mas-anlagenbau.com\/index.php\/wp-json\/wp\/v2\/pages\/2403"}],"collection":[{"href":"https:\/\/mas-anlagenbau.com\/index.php\/wp-json\/wp\/v2\/pages"}],"about":[{"href":"https:\/\/mas-anlagenbau.com\/index.php\/wp-json\/wp\/v2\/types\/page"}],"author":[{"embeddable":true,"href":"https:\/\/mas-anlagenbau.com\/index.php\/wp-json\/wp\/v2\/users\/4"}],"replies":[{"embeddable":true,"href":"https:\/\/mas-anlagenbau.com\/index.php\/wp-json\/wp\/v2\/comments?post=2403"}],"version-history":[{"count":7,"href":"https:\/\/mas-anlagenbau.com\/index.php\/wp-json\/wp\/v2\/pages\/2403\/revisions"}],"predecessor-version":[{"id":2422,"href":"https:\/\/mas-anlagenbau.com\/index.php\/wp-json\/wp\/v2\/pages\/2403\/revisions\/2422"}],"up":[{"embeddable":true,"href":"https:\/\/mas-anlagenbau.com\/index.php\/wp-json\/wp\/v2\/pages\/698"}],"wp:attachment":[{"href":"https:\/\/mas-anlagenbau.com\/index.php\/wp-json\/wp\/v2\/media?parent=2403"}],"curies":[{"name":"wp","href":"https:\/\/api.w.org\/{rel}","templated":true}]}}