{"id":1505,"date":"2018-08-08T15:06:01","date_gmt":"2018-08-08T13:06:01","guid":{"rendered":"https:\/\/mas-anlagenbau.com\/?page_id=1505"},"modified":"2019-03-12T15:13:10","modified_gmt":"2019-03-12T14:13:10","slug":"anfahrt","status":"publish","type":"page","link":"https:\/\/mas-anlagenbau.com\/index.php\/kontakt\/anfahrt\/","title":{"rendered":"Anfahrt"},"content":{"rendered":"\t<section class=\"section\" id=\"section_573434252\">\n\t\t<div class=\"bg section-bg fill bg-fill  bg-loaded\" >\n\n\t\t\t\n\t\t\t\n\t\t\t\n\n\t\t<\/div>\n\n\t\t\n\n\t\t<div class=\"section-content relative\">\n\t\t\t\n<div class=\"row row-large row-divided no_padding_bottom\"  id=\"row-409781934\">\n\n\t<div id=\"col-576907381\" class=\"col small-12 large-12\"  >\n\t\t\t\t<div class=\"col-inner\"  >\n\t\t\t\n\t\t\t\n<h1>Ihr Weg zu uns<\/h1>\n\t\t<\/div>\n\t\t\t\t\t<\/div>\n\n\t\n\n\t<div id=\"col-1149548610\" class=\"col small-12 large-12\"  >\n\t\t\t\t<div class=\"col-inner\"  >\n\t\t\t\n\t\t\t\n<div class=\"accordion\">\n<div id=\"accordion-99253069\" class=\"accordion-item\"><a id=\"accordion-99253069-label\" href=\"#\" class=\"accordion-title plain\" aria-expanded=\"false\" aria-controls=\"accordion-99253069-content\"><button class=\"toggle\" aria-label=\"Toggle\"><i class=\"icon-angle-down\"><\/i><\/button><span>Anfahrt \u00fcber die A4 (Eisenach - Dresden)<\/span><\/a><div id=\"accordion-99253069-content\" class=\"accordion-inner\" aria-labelledby=\"accordion-99253069-label\">\n<p><span style=\"font-family: 'Arial',sans-serif;\">BAB 4 Abfahrt Meerane West<\/span><\/p>\n<p><span style=\"font-family: 'Arial',sans-serif;\">Weiter auf der B 93 Richtung Meerane ca. 1 km<\/span><\/p>\n<p><span style=\"font-family: 'Arial',sans-serif;\">B 93 Abfahrt Meerane Richtung Meerane Zentrum (durch den Kreisverkehr, zweite Ausfahrt)<\/span><\/p>\n<p><span style=\"font-family: 'Arial',sans-serif;\">Auf der Hauptstra\u00dfe bleiben und die sechste Querstra\u00dfe rechts einbiegen (Weberstra\u00dfe)<\/span><\/p>\n<p><span style=\"font-family: 'Arial',sans-serif;\">Am Ende der Weberstra\u00dfe links finden die unsere Firma (Nr.63).<\/span><\/p>\n<\/div><\/div>\n<div id=\"accordion-2988766130\" class=\"accordion-item\"><a id=\"accordion-2988766130-label\" href=\"#\" class=\"accordion-title plain\" aria-expanded=\"false\" aria-controls=\"accordion-2988766130-content\"><button class=\"toggle\" aria-label=\"Toggle\"><i class=\"icon-angle-down\"><\/i><\/button><span>Anfahrt \u00fcber die A72 (Plauen - Zwickau)<\/span><\/a><div id=\"accordion-2988766130-content\" class=\"accordion-inner\" aria-labelledby=\"accordion-2988766130-label\">\n<p><span style=\"font-family: 'Arial',sans-serif;\">BAB 72 Abfahrt Zwickau Ost Richtung Zwickau Zentrum<\/span><\/p>\n<p><span style=\"font-family: 'Arial',sans-serif;\">In Zwickau der B 93 in Richtung Crimmitschau, Meerane, Altenburg folgen.<\/span><\/p>\n<p><span style=\"font-family: 'Arial',sans-serif;\">B 93 Abfahrt Meerane Richtung Meerane Zentrum (durch den Kreisverkehr, zweite Ausfahrt)<\/span><\/p>\n<p><span style=\"font-family: 'Arial',sans-serif;\">Auf der Hauptstra\u00dfe bleiben und die sechste Querstra\u00dfe rechts einbiegen (Weberstra\u00dfe)<\/span><\/p>\n<p><span style=\"font-family: 'Arial',sans-serif;\">Am Ende der Weberstra\u00dfe links finden die unsere Firma (Nr.63).<\/span><\/p>\n<\/div><\/div>\n<div id=\"accordion-1795568737\" class=\"accordion-item\"><a id=\"accordion-1795568737-label\" href=\"#\" class=\"accordion-title plain\" aria-expanded=\"false\" aria-controls=\"accordion-1795568737-content\"><button class=\"toggle\" aria-label=\"Toggle\"><i class=\"icon-angle-down\"><\/i><\/button><span>Anfahrt \u00fcber die B93<\/span><\/a><div id=\"accordion-1795568737-content\" class=\"accordion-inner\" aria-labelledby=\"accordion-1795568737-label\">\n<p><span style=\"font-family: 'Arial',sans-serif;\">B 93 Abfahrt Meerane Richtung Meerane Zentrum (durch den Kreisverkehr, zweite Ausfahrt)<\/span><\/p>\n<p><span style=\"font-family: 'Arial',sans-serif;\">Auf der Hauptstra\u00dfe bleiben und die sechste Querstra\u00dfe rechts einbiegen (Weberstra\u00dfe)<\/span><\/p>\n<p><span style=\"font-family: 'Arial',sans-serif;\">Am Ende der Weberstra\u00dfe links finden die unsere Firma (Nr.63).<\/span><\/p>\n<\/div><\/div>\n<\/div>\n\t\t<\/div>\n\t\t\t\t\t<\/div>\n\n\t\n\n\t<div id=\"col-1912653885\" class=\"col small-12 large-12\"  >\n\t\t\t\t<div class=\"col-inner\"  >\n\t\t\t\n\t\t\t\n<p><iframe loading=\"lazy\" src=\"https:\/\/www.google.com\/maps\/embed?pb=!1m18!1m12!1m3!1d2519.2039214743013!2d12.45972931528126!3d50.84590796667267!2m3!1f0!2f0!3f0!3m2!1i1024!2i768!4f13.1!3m3!1m2!1s0x47a7289e46a1d4cd%3A0x35e9314cf5e3ada3!2sMetall-+und+Anlagenbau+Spona!5e0!3m2!1sde!2sde!4v1552399550966\" width=\"1920\" height=\"400\" frameborder=\"0\" style=\"border:0\" allowfullscreen><\/iframe><\/p>\n\t\t<\/div>\n\t\t\t\t\t<\/div>\n\n\t\n<\/div>\n\t\t<\/div>\n\n\t\t\n<style>\n#section_573434252 {\n  padding-top: 0px;\n  padding-bottom: 0px;\n}\n#section_573434252 .ux-shape-divider--top svg {\n  height: 150px;\n  --divider-top-width: 100%;\n}\n#section_573434252 .ux-shape-divider--bottom svg {\n  height: 150px;\n  --divider-width: 100%;\n}\n<\/style>\n\t<\/section>\n\t\n","protected":false},"excerpt":{"rendered":"","protected":false},"author":2,"featured_media":0,"parent":736,"menu_order":0,"comment_status":"closed","ping_status":"closed","template":"page-blank.php","meta":{"footnotes":""},"_links":{"self":[{"href":"https:\/\/mas-anlagenbau.com\/index.php\/wp-json\/wp\/v2\/pages\/1505"}],"collection":[{"href":"https:\/\/mas-anlagenbau.com\/index.php\/wp-json\/wp\/v2\/pages"}],"about":[{"href":"https:\/\/mas-anlagenbau.com\/index.php\/wp-json\/wp\/v2\/types\/page"}],"author":[{"embeddable":true,"href":"https:\/\/mas-anlagenbau.com\/index.php\/wp-json\/wp\/v2\/users\/2"}],"replies":[{"embeddable":true,"href":"https:\/\/mas-anlagenbau.com\/index.php\/wp-json\/wp\/v2\/comments?post=1505"}],"version-history":[{"count":39,"href":"https:\/\/mas-anlagenbau.com\/index.php\/wp-json\/wp\/v2\/pages\/1505\/revisions"}],"predecessor-version":[{"id":2390,"href":"https:\/\/mas-anlagenbau.com\/index.php\/wp-json\/wp\/v2\/pages\/1505\/revisions\/2390"}],"up":[{"embeddable":true,"href":"https:\/\/mas-anlagenbau.com\/index.php\/wp-json\/wp\/v2\/pages\/736"}],"wp:attachment":[{"href":"https:\/\/mas-anlagenbau.com\/index.php\/wp-json\/wp\/v2\/media?parent=1505"}],"curies":[{"name":"wp","href":"https:\/\/api.w.org\/{rel}","templated":true}]}}